{"id":227,"date":"2024-10-29T19:12:09","date_gmt":"2024-10-29T19:12:09","guid":{"rendered":"https:\/\/eigenart.cl\/?post_type=product&#038;p=227"},"modified":"2024-10-29T19:13:28","modified_gmt":"2024-10-29T19:13:28","slug":"tazon-bettlejuice","status":"publish","type":"product","link":"https:\/\/eigenart.cl\/?product=tazon-bettlejuice","title":{"rendered":"Taz\u00f3n Bettlejuice"},"content":{"rendered":"<p>Invoca el esp\u00edritu del bioexorcista m\u00e1s famoso con esta estrafalaria taza de \u00abBeetlejuice\u00bb. Tan exc\u00e9ntrica como el personaje que la inspira, esta taza es una obra maestra del dise\u00f1o g\u00f3tico y c\u00f3mico.<\/p>\n<p>El cuerpo de la taza est\u00e1 decorado con el ic\u00f3nico patr\u00f3n de rayas blancas y negras, reminiscente del traje de Beetlejuice. Alrededor de la taza, encuentras im\u00e1genes de los elementos m\u00e1s memorables de la pel\u00edcula: gusanos de arena, el manual para los reci\u00e9n fallecidos, y por supuesto, el desali\u00f1ado rostro de Beetlejuice con su sonrisa traviesa y ojos desorbitados.<\/p>\n<p>La taza est\u00e1 coronada con una tapa que simula el desordenado cabello verde de Beetlejuice, a\u00f1adiendo un toque tridimensional y divertido. El asa de la taza tiene forma de serpiente, un gui\u00f1o a una de las transformaciones m\u00e1s ic\u00f3nicas del personaje.<\/p>\n<p>Fabricada con cer\u00e1mica de alta calidad, esta taza es perfecta para mantener tus bebidas calientes (o fr\u00edas como una tumba). Es lo suficientemente grande para contener una generosa porci\u00f3n de tu brebaje favorito, ya sea caf\u00e9, t\u00e9, o quiz\u00e1s un poco de jugo de escarabajo.<\/p>\n<p>En el fondo de la taza, encontrar\u00e1s inscrita la frase \u00abIt&#8217;s showtime!\u00bb, que aparecer\u00e1 m\u00e1gicamente a medida que bebas tu contenido.<\/p>\n<p>Ideal para fans de Tim Burton y amantes de lo extra\u00f1o y maravilloso, esta taza de Beetlejuice es perfecta para comenzar tu d\u00eda con un toque de lo sobrenatural. \u00dasala en tu oficina para espantar a tus compa\u00f1eros de trabajo o en casa para a\u00f1adir un toque de diversi\u00f3n macabra a tu rutina diaria.<\/p>\n<p>Advertencia: No digas el nombre de Beetlejuice tres veces mientras sostienes la taza, o podr\u00edas terminar con un invitado no deseado en tu cocina.<\/p>\n","protected":false},"excerpt":{"rendered":"<p>Invoca el esp\u00edritu del bioexorcista m\u00e1s famoso con esta estrafalaria taza de \u00abBeetlejuice\u00bb. Tan exc\u00e9ntrica como el personaje que la inspira, esta taza es una obra maestra del dise\u00f1o g\u00f3tico y c\u00f3mico. El cuerpo de la taza est\u00e1 decorado con el ic\u00f3nico patr\u00f3n de rayas blancas y negras, reminiscente del traje de Beetlejuice. Alrededor de &#8230; <a title=\"Taz\u00f3n Bettlejuice\" class=\"read-more\" href=\"https:\/\/eigenart.cl\/?product=tazon-bettlejuice\" aria-label=\"Leer m\u00e1s sobre Taz\u00f3n Bettlejuice\">Leer m\u00e1s<\/a><\/p>\n","protected":false},"featured_media":228,"comment_status":"open","ping_status":"closed","template":"","meta":[],"product_cat":[30],"product_tag":[],"class_list":{"0":"post-227","1":"product","2":"type-product","3":"status-publish","4":"has-post-thumbnail","6":"product_cat-tazones","8":"first","9":"instock","10":"sale","11":"taxable","12":"shipping-taxable","13":"purchasable","14":"product-type-simple"},"jetpack_sharing_enabled":true,"_links":{"self":[{"href":"https:\/\/eigenart.cl\/index.php?rest_route=\/wp\/v2\/product\/227","targetHints":{"allow":["GET"]}}],"collection":[{"href":"https:\/\/eigenart.cl\/index.php?rest_route=\/wp\/v2\/product"}],"about":[{"href":"https:\/\/eigenart.cl\/index.php?rest_route=\/wp\/v2\/types\/product"}],"replies":[{"embeddable":true,"href":"https:\/\/eigenart.cl\/index.php?rest_route=%2Fwp%2Fv2%2Fcomments&post=227"}],"wp:featuredmedia":[{"embeddable":true,"href":"https:\/\/eigenart.cl\/index.php?rest_route=\/wp\/v2\/media\/228"}],"wp:attachment":[{"href":"https:\/\/eigenart.cl\/index.php?rest_route=%2Fwp%2Fv2%2Fmedia&parent=227"}],"wp:term":[{"taxonomy":"product_cat","embeddable":true,"href":"https:\/\/eigenart.cl\/index.php?rest_route=%2Fwp%2Fv2%2Fproduct_cat&post=227"},{"taxonomy":"product_tag","embeddable":true,"href":"https:\/\/eigenart.cl\/index.php?rest_route=%2Fwp%2Fv2%2Fproduct_tag&post=227"}],"curies":[{"name":"wp","href":"https:\/\/api.w.org\/{rel}","templated":true}]}}