{"id":206,"date":"2024-10-29T18:53:15","date_gmt":"2024-10-29T18:53:15","guid":{"rendered":"https:\/\/eigenart.cl\/?post_type=product&#038;p=206"},"modified":"2024-12-10T19:20:44","modified_gmt":"2024-12-10T19:20:44","slug":"taza","status":"publish","type":"product","link":"https:\/\/eigenart.cl\/?product=taza","title":{"rendered":"Taz\u00f3n Terrifier"},"content":{"rendered":"<p>Presenta con orgullo tu amor por el cine de terror con esta escalofriante taza de \u00abTerrifier\u00bb. En un fondo negro como la noche, el rostro aterrador de Art the Clown emerge con una sonrisa macabra que helar\u00e1 la sangre de cualquiera que la vea. Sus ojos penetrantes y su maquillaje blanco y negro contrastan v\u00edvidamente contra el oscuro fondo, creando un efecto verdaderamente inquietante.<\/p>\n<p>La taza est\u00e1 fabricada en cer\u00e1mica de alta calidad, perfecta para mantener tus bebidas calientes mientras disfrutas de tus pel\u00edculas de terror favoritas. El asa ergon\u00f3mica asegura un agarre c\u00f3modo, incluso cuando tiembles de miedo.<\/p>\n<p>Ideal para los fan\u00e1ticos del horror y especialmente para los seguidores de la saga \u00abTerrifier\u00bb, esta taza es una pieza de colecci\u00f3n \u00fanica que sin duda ser\u00e1 el centro de atenci\u00f3n en tu cocina o escritorio. Ya sea que la uses para tu caf\u00e9 matutino o para servir un brebaje tem\u00e1tico en tu pr\u00f3xima noche de cine de terror, esta taza te garantiza escalofr\u00edos con cada sorbo.<\/p>\n<p>\u00a1Advertencia: No se recomienda su uso a personas impresionables o con problemas card\u00edacos! Esta taza puede causar pesadillas y una repentina aversi\u00f3n a los payasos.<\/p>\n","protected":false},"excerpt":{"rendered":"<p>Presenta con orgullo tu amor por el cine de terror con esta escalofriante taza de \u00abTerrifier\u00bb. En un fondo negro como la noche, el rostro aterrador de Art the Clown emerge con una sonrisa macabra que helar\u00e1 la sangre de cualquiera que la vea. Sus ojos penetrantes y su maquillaje blanco y negro contrastan v\u00edvidamente &#8230; <a title=\"Taz\u00f3n Terrifier\" class=\"read-more\" href=\"https:\/\/eigenart.cl\/?product=taza\" aria-label=\"Leer m\u00e1s sobre Taz\u00f3n Terrifier\">Leer m\u00e1s<\/a><\/p>\n","protected":false},"featured_media":207,"comment_status":"open","ping_status":"closed","template":"","meta":[],"product_cat":[30],"product_tag":[],"class_list":{"0":"post-206","1":"product","2":"type-product","3":"status-publish","4":"has-post-thumbnail","6":"product_cat-tazones","8":"first","9":"instock","10":"taxable","11":"shipping-taxable","12":"purchasable","13":"product-type-simple"},"jetpack_sharing_enabled":true,"_links":{"self":[{"href":"https:\/\/eigenart.cl\/index.php?rest_route=\/wp\/v2\/product\/206","targetHints":{"allow":["GET"]}}],"collection":[{"href":"https:\/\/eigenart.cl\/index.php?rest_route=\/wp\/v2\/product"}],"about":[{"href":"https:\/\/eigenart.cl\/index.php?rest_route=\/wp\/v2\/types\/product"}],"replies":[{"embeddable":true,"href":"https:\/\/eigenart.cl\/index.php?rest_route=%2Fwp%2Fv2%2Fcomments&post=206"}],"wp:featuredmedia":[{"embeddable":true,"href":"https:\/\/eigenart.cl\/index.php?rest_route=\/wp\/v2\/media\/207"}],"wp:attachment":[{"href":"https:\/\/eigenart.cl\/index.php?rest_route=%2Fwp%2Fv2%2Fmedia&parent=206"}],"wp:term":[{"taxonomy":"product_cat","embeddable":true,"href":"https:\/\/eigenart.cl\/index.php?rest_route=%2Fwp%2Fv2%2Fproduct_cat&post=206"},{"taxonomy":"product_tag","embeddable":true,"href":"https:\/\/eigenart.cl\/index.php?rest_route=%2Fwp%2Fv2%2Fproduct_tag&post=206"}],"curies":[{"name":"wp","href":"https:\/\/api.w.org\/{rel}","templated":true}]}}