{"id":10,"date":"2024-12-10T20:41:13","date_gmt":"2024-12-10T20:41:13","guid":{"rendered":"https:\/\/eigenart.cl\/?page_id=10"},"modified":"2024-12-10T23:32:19","modified_gmt":"2024-12-10T23:32:19","slug":"terminos_y_condiciones","status":"publish","type":"page","link":"https:\/\/eigenart.cl\/?page_id=10","title":{"rendered":"T\u00e9rminos y Condiciones"},"content":{"rendered":"\t\t<div data-elementor-type=\"wp-page\" data-elementor-id=\"10\" class=\"elementor elementor-10\" data-elementor-post-type=\"page\">\n\t\t\t\t<div class=\"elementor-element elementor-element-53fec67f e-flex e-con-boxed e-con e-parent\" data-id=\"53fec67f\" data-element_type=\"container\">\n\t\t\t\t\t<div class=\"e-con-inner\">\n\t\t\t\t<div class=\"elementor-element elementor-element-355d4fe elementor-widget elementor-widget-heading\" data-id=\"355d4fe\" data-element_type=\"widget\" data-widget_type=\"heading.default\">\n\t\t\t\t<div class=\"elementor-widget-container\">\n\t\t\t<h3 class=\"elementor-heading-title elementor-size-default\">T\u00e9rminos y Condiciones<\/h3>\t\t<\/div>\n\t\t\t\t<\/div>\n\t\t\t\t\t<\/div>\n\t\t\t\t<\/div>\n\t\t<div class=\"elementor-element elementor-element-46dfac0 e-flex e-con-boxed e-con e-parent\" data-id=\"46dfac0\" data-element_type=\"container\">\n\t\t\t\t\t<div class=\"e-con-inner\">\n\t\t\t\t<div class=\"elementor-element elementor-element-434c87a elementor-widget elementor-widget-text-editor\" data-id=\"434c87a\" data-element_type=\"widget\" data-widget_type=\"text-editor.default\">\n\t\t\t\t<div class=\"elementor-widget-container\">\n\t\t\t\t\t\t\t<p>T\u00e9rminos y Condiciones &#8211; Eigenart CL<\/p>\n<ol>\n<li>Aceptaci\u00f3n de los T\u00e9rminos y Condiciones Al acceder y utilizar la tienda online de Eigenart CL, usted acepta cumplir con estos t\u00e9rminos y condiciones. Si no est\u00e1 de acuerdo con alguna parte de estos t\u00e9rminos, le rogamos que no utilice nuestro sitio web.<\/li>\n<\/ol>\n<p>2. Productos y Precios<\/p>\n<p>2.1. Todos los productos est\u00e1n sujetos a disponibilidad.<\/p>\n<p>2.2. Los precios est\u00e1n expresados en pesos chilenos e incluyen IVA.<\/p>\n<p>2.3. Nos reservamos el derecho de modificar los precios sin previo aviso.<\/p>\n<p>3. Proceso de Compra<\/p>\n<p>3.1. Para realizar una compra, debe ser mayor de 18 a\u00f1os.<\/p>\n<p>3.2. El pedido se considerar\u00e1 aceptado una vez que reciba la confirmaci\u00f3n por correo electr\u00f3nico.<\/p>\n<p>4. Formas de Pago<\/p>\n<p>4.1. Aceptamos pagos mediante tarjetas de cr\u00e9dito, d\u00e9bito y transferencia bancaria.<\/p>\n<p>4.2. Todas las transacciones se realizan a trav\u00e9s de plataformas seguras.<\/p>\n<p>5. Env\u00edos y Entregas<\/p>\n<p>5.1. Los plazos de entrega pueden variar seg\u00fan la ubicaci\u00f3n geogr\u00e1fica.<\/p>\n<p>5.2. Los costos de env\u00edo se calcular\u00e1n en el proceso de compra.<\/p>\n<p>6. Pol\u00edtica de Devoluciones y Reembolsos<\/p>\n<p>6.1. Se aceptan devoluciones dentro de los 10 d\u00edas posteriores a la recepci\u00f3n del producto.<\/p>\n<p>6.2. El producto debe estar en su estado original, sin usar y con todas las etiquetas.<\/p>\n<p>7. Privacidad y Protecci\u00f3n de Datos<\/p>\n<p>7.1. La informaci\u00f3n personal proporcionada ser\u00e1 tratada de acuerdo con nuestra Pol\u00edtica de Privacidad.<\/p>\n<p>8. Propiedad Intelectual<\/p>\n<p>8.1. Todo el contenido del sitio web es propiedad de Eigenart CL y est\u00e1 protegido por las leyes de propiedad intelectual.<\/p>\n<p>9. Modificaciones de los T\u00e9rminos y Condiciones<\/p>\n<p>9.1. Nos reservamos el derecho de modificar estos t\u00e9rminos y condiciones en cualquier momento.<\/p>\n<p>10. Ley Aplicable y Jurisdicci\u00f3n<\/p>\n<p>10.1. Estos t\u00e9rminos y condiciones se rigen por las leyes de Chile.<\/p>\n<p>Para cualquier consulta sobre estos t\u00e9rminos y condiciones, por favor cont\u00e1ctenos a contacto@eigenart.cl<\/p>\t\t\t\t\t\t<\/div>\n\t\t\t\t<\/div>\n\t\t\t\t\t<\/div>\n\t\t\t\t<\/div>\n\t\t\t\t<\/div>\n\t\t","protected":false},"excerpt":{"rendered":"<p>T\u00e9rminos y Condiciones T\u00e9rminos y Condiciones &#8211; Eigenart CL Aceptaci\u00f3n de los T\u00e9rminos y Condiciones Al acceder y utilizar la tienda online de Eigenart CL, usted acepta cumplir con estos t\u00e9rminos y condiciones. Si no est\u00e1 de acuerdo con alguna parte de estos t\u00e9rminos, le rogamos que no utilice nuestro sitio web. 2. Productos y &#8230; <a title=\"T\u00e9rminos y Condiciones\" class=\"read-more\" href=\"https:\/\/eigenart.cl\/?page_id=10\" aria-label=\"Leer m\u00e1s sobre T\u00e9rminos y Condiciones\">Leer m\u00e1s<\/a><\/p>\n","protected":false},"author":1,"featured_media":0,"parent":0,"menu_order":0,"comment_status":"closed","ping_status":"closed","template":"elementor_canvas","meta":{"footnotes":""},"class_list":["post-10","page","type-page","status-publish"],"jetpack_sharing_enabled":true,"_links":{"self":[{"href":"https:\/\/eigenart.cl\/index.php?rest_route=\/wp\/v2\/pages\/10","targetHints":{"allow":["GET"]}}],"collection":[{"href":"https:\/\/eigenart.cl\/index.php?rest_route=\/wp\/v2\/pages"}],"about":[{"href":"https:\/\/eigenart.cl\/index.php?rest_route=\/wp\/v2\/types\/page"}],"author":[{"embeddable":true,"href":"https:\/\/eigenart.cl\/index.php?rest_route=\/wp\/v2\/users\/1"}],"replies":[{"embeddable":true,"href":"https:\/\/eigenart.cl\/index.php?rest_route=%2Fwp%2Fv2%2Fcomments&post=10"}],"version-history":[{"count":8,"href":"https:\/\/eigenart.cl\/index.php?rest_route=\/wp\/v2\/pages\/10\/revisions"}],"predecessor-version":[{"id":315,"href":"https:\/\/eigenart.cl\/index.php?rest_route=\/wp\/v2\/pages\/10\/revisions\/315"}],"wp:attachment":[{"href":"https:\/\/eigenart.cl\/index.php?rest_route=%2Fwp%2Fv2%2Fmedia&parent=10"}],"curies":[{"name":"wp","href":"https:\/\/api.w.org\/{rel}","templated":true}]}}